{"id":5890,"date":"2021-01-13T16:29:55","date_gmt":"2021-01-13T16:29:55","guid":{"rendered":"https:\/\/theirbrief.com\/homepage\/"},"modified":"2025-12-31T10:25:58","modified_gmt":"2025-12-31T10:25:58","slug":"homepage","status":"publish","type":"page","link":"https:\/\/theirbrief.com\/tr\/","title":{"rendered":"Ana Sayfa"},"content":{"rendered":"\t\t<div data-elementor-type=\"wp-page\" data-elementor-id=\"5890\" class=\"elementor elementor-5890 elementor-6\" data-elementor-post-type=\"page\">\n\t\t\t\t\t\t<section class=\"has-el-gap el-gap-lg elementor-section elementor-top-section elementor-element elementor-element-4df04a5c elementor-section-boxed elementor-section-height-default elementor-section-height-default\" data-id=\"4df04a5c\" data-element_type=\"section\">\n\t\t\t\t\t\t<div class=\"elementor-container elementor-column-gap-no\">\n\t\t\t\t\t<div class=\"elementor-column elementor-col-50 elementor-top-column elementor-element elementor-element-6452d70b el-col-sep\" data-id=\"6452d70b\" data-element_type=\"column\">\n\t\t\t<div class=\"elementor-widget-wrap elementor-element-populated\">\n\t\t\t\t\t\t<div class=\"elementor-element elementor-element-346bcc66 elementor-widget elementor-widget-smartmag-highlights\" data-id=\"346bcc66\" data-element_type=\"widget\" data-widget_type=\"smartmag-highlights.default\">\n\t\t\t\t<div class=\"elementor-widget-container\">\n\t\t\t\t\t\t\t<section class=\"block-wrap block-highlights block-sc mb-none\" data-id=\"1\" data-is-mixed=\"1\">\n\n\t\t\t\t\n\t\t\t<div class=\"block-content\">\n\t\t\t\t\t\n\t<div class=\"loops-mixed\">\n\t\t\t\n\t<div class=\"loop loop-grid loop-grid-base grid grid-1 md:grid-1 xs:grid-1\">\n\n\t\t\n\t<\/div>\n\n\t\t\n\n\t<div class=\"loop loop-small loop-small-a grid grid-1 md:grid-1 sm:grid-1 xs:grid-1\">\n\n\t\t\n\t<\/div>\n\n\t\t\t<\/div>\n\n\n\t\t\t\t<\/div>\n\n\t\t<\/section>\n\t\t\t\t\t\t<\/div>\n\t\t\t\t<\/div>\n\t\t\t\t\t<\/div>\n\t\t<\/div>\n\t\t\t\t<div class=\"elementor-column elementor-col-50 elementor-top-column elementor-element elementor-element-6e7756be\" data-id=\"6e7756be\" data-element_type=\"column\">\n\t\t\t<div class=\"elementor-widget-wrap elementor-element-populated\">\n\t\t\t\t\t\t<div class=\"elementor-element elementor-element-428cb64 elementor-widget elementor-widget-smartmag-postslist\" data-id=\"428cb64\" data-element_type=\"widget\" data-widget_type=\"smartmag-postslist.default\">\n\t\t\t\t<div class=\"elementor-widget-container\">\n\t\t\t\t\t\t\t<section class=\"block-wrap block-posts-list block-sc mb-sm\" data-id=\"4\">\n\n\t\t\t\t\n\t\t\t<div class=\"block-content\">\n\t\t\t\t\t\n\t<div class=\"loop loop-list loop-sep loop-list-sep grid grid-1 md:grid-1 sm:grid-1\">\n\n\t\t\n\t<\/div>\n\n\t\t\t\t\t<\/div>\n\n\t\t<\/section>\n\t\t\t\t\t\t<\/div>\n\t\t\t\t<\/div>\n\t\t\t\t\t<\/div>\n\t\t<\/div>\n\t\t\t\t\t<\/div>\n\t\t<\/section>\n\t\t\t\t<section class=\"has-el-gap el-gap-default elementor-section elementor-top-section elementor-element elementor-element-c81cb62 elementor-section-boxed elementor-section-height-default elementor-section-height-default\" data-id=\"c81cb62\" data-element_type=\"section\">\n\t\t\t\t\t\t<div class=\"elementor-container elementor-column-gap-no\">\n\t\t\t\t\t<div class=\"elementor-column elementor-col-100 elementor-top-column elementor-element elementor-element-1ac0a08\" data-id=\"1ac0a08\" data-element_type=\"column\">\n\t\t\t<div class=\"elementor-widget-wrap elementor-element-populated\">\n\t\t\t\t\t\t<div class=\"elementor-element elementor-element-560abdc7 elementor-widget elementor-widget-smartmag-grid\" data-id=\"560abdc7\" data-element_type=\"widget\" data-widget_type=\"smartmag-grid.default\">\n\t\t\t\t<div class=\"elementor-widget-container\">\n\t\t\t\t\t\t\t<section class=\"block-wrap block-grid block-sc cols-gap-sm mb-sm\" data-id=\"5\">\n\n\t\t\t\t\t\t\t\t\n\t\t\t\t\t\t\t\n\t\t\t\t<div class=\"block-head block-head-d is-left term-color-1\">\n\n\t\t\t\t\t<h4 class=\"heading\"><a href=\"https:\/\/theirbrief.com\/politika\/\">Politika<\/a><\/h4>\t\t\t\t\t\n\t\t\t\t\t\t\t\t\t\t\t<a href=\"https:\/\/theirbrief.com\/politika\/\" class=\"view-link view-link-b\">\n\t\t\t\t\t\t\tDaha Fazlas\u0131\t\t\t\t\t\t<\/a>\n\t\t\t\t\t\t\t\t\t<\/div>\n\t\t\t\t\n\t\t\t\n\t\t\t\n\t\t\t<div class=\"block-content\">\n\t\t\t\t\t\n\t<div class=\"loop loop-grid loop-grid-stylish grid grid-3 md:grid-2 xs:grid-1\">\n\n\t\t\n\t<\/div>\n\n\t\t\n\t\t\t<\/div>\n\n\t\t<\/section>\n\t\t\t\t\t\t<\/div>\n\t\t\t\t<\/div>\n\t\t\t\t<div class=\"elementor-element elementor-element-bf591ed elementor-widget elementor-widget-smartmag-grid\" data-id=\"bf591ed\" data-element_type=\"widget\" data-widget_type=\"smartmag-grid.default\">\n\t\t\t\t<div class=\"elementor-widget-container\">\n\t\t\t\t\t\t\t<section class=\"block-wrap block-grid block-sc cols-gap-sm mb-sm\" data-id=\"6\">\n\n\t\t\t\t\t\t\t\t\n\t\t\t\t\t\t\t\n\t\t\t\t<div class=\"block-head block-head-d is-left term-color-74\">\n\n\t\t\t\t\t<h4 class=\"heading\"><a href=\"https:\/\/theirbrief.com\/security-strategy\/\">G\u00fcvenlik ve Strateji<\/a><\/h4>\t\t\t\t\t\n\t\t\t\t\t\t\t\t\t\t\t<a href=\"https:\/\/theirbrief.com\/security-strategy\/\" class=\"view-link view-link-b\">\n\t\t\t\t\t\t\tDaha Fazlas\u0131\t\t\t\t\t\t<\/a>\n\t\t\t\t\t\t\t\t\t<\/div>\n\t\t\t\t\n\t\t\t\n\t\t\t\n\t\t\t<div class=\"block-content\">\n\t\t\t\t\t\n\t<div class=\"loop loop-grid loop-grid-stylish grid grid-3 md:grid-2 xs:grid-1\">\n\n\t\t\n\t<\/div>\n\n\t\t\n\t\t\t<\/div>\n\n\t\t<\/section>\n\t\t\t\t\t\t<\/div>\n\t\t\t\t<\/div>\n\t\t\t\t\t<\/div>\n\t\t<\/div>\n\t\t\t\t\t<\/div>\n\t\t<\/section>\n\t\t\t\t<section class=\"has-el-gap el-gap-default elementor-section elementor-top-section elementor-element elementor-element-1fc5169 elementor-section-boxed elementor-section-height-default elementor-section-height-default\" data-id=\"1fc5169\" data-element_type=\"section\">\n\t\t\t\t\t\t<div class=\"elementor-container elementor-column-gap-no\">\n\t\t\t\t\t<div class=\"elementor-column elementor-col-100 elementor-top-column elementor-element elementor-element-67523c0\" data-id=\"67523c0\" data-element_type=\"column\">\n\t\t\t<div class=\"elementor-widget-wrap elementor-element-populated\">\n\t\t\t\t\t\t<div class=\"elementor-element elementor-element-3da5cc8 elementor-widget elementor-widget-smartmag-grid\" data-id=\"3da5cc8\" data-element_type=\"widget\" data-widget_type=\"smartmag-grid.default\">\n\t\t\t\t<div class=\"elementor-widget-container\">\n\t\t\t\t\t\t\t<section class=\"block-wrap block-grid block-sc cols-gap-sm mb-sm\" data-id=\"7\">\n\n\t\t\t\t\t\t\t\t\n\t\t\t\t\t\t\t\n\t\t\t\t<div class=\"block-head block-head-d is-left term-color-74\">\n\n\t\t\t\t\t<h4 class=\"heading\"><a href=\"https:\/\/theirbrief.com\/world\/\">D\u00fcnya<\/a><\/h4>\t\t\t\t\t\n\t\t\t\t\t\t\t\t\t\t\t<a href=\"https:\/\/theirbrief.com\/world\/\" class=\"view-link view-link-b\">\n\t\t\t\t\t\t\tDaha Fazlas\u0131\t\t\t\t\t\t<\/a>\n\t\t\t\t\t\t\t\t\t<\/div>\n\t\t\t\t\n\t\t\t\n\t\t\t\n\t\t\t<div class=\"block-content\">\n\t\t\t\t\t\n\t<div class=\"loop loop-grid loop-grid-stylish grid grid-3 md:grid-2 xs:grid-1\">\n\n\t\t\n\t<\/div>\n\n\t\t\n\t\t\t<\/div>\n\n\t\t<\/section>\n\t\t\t\t\t\t<\/div>\n\t\t\t\t<\/div>\n\t\t\t\t\t<\/div>\n\t\t<\/div>\n\t\t\t\t\t<\/div>\n\t\t<\/section>\n\t\t\t\t<section class=\"has-el-gap el-gap-default elementor-section elementor-top-section elementor-element elementor-element-e16476d elementor-section-boxed elementor-section-height-default elementor-section-height-default\" data-id=\"e16476d\" data-element_type=\"section\">\n\t\t\t\t\t\t<div class=\"elementor-container elementor-column-gap-no\">\n\t\t\t\t\t<div class=\"elementor-column elementor-col-100 elementor-top-column elementor-element elementor-element-efe16fd\" data-id=\"efe16fd\" data-element_type=\"column\">\n\t\t\t<div class=\"elementor-widget-wrap elementor-element-populated\">\n\t\t\t\t\t\t<div class=\"elementor-element elementor-element-4dbf288 elementor-widget elementor-widget-smartmag-grid\" data-id=\"4dbf288\" data-element_type=\"widget\" data-widget_type=\"smartmag-grid.default\">\n\t\t\t\t<div class=\"elementor-widget-container\">\n\t\t\t\t\t\t\t<section class=\"block-wrap block-grid block-sc cols-gap-sm mb-sm\" data-id=\"8\">\n\n\t\t\t\t\t\t\t\t\n\t\t\t\t\t\t\t\n\t\t\t\t<div class=\"block-head block-head-d is-left term-color-76\">\n\n\t\t\t\t\t<h4 class=\"heading\"><a href=\"https:\/\/theirbrief.com\/analysis\/\">Analiz<\/a><\/h4>\t\t\t\t\t\n\t\t\t\t\t\t\t\t\t\t\t<a href=\"https:\/\/theirbrief.com\/analysis\/\" class=\"view-link view-link-b\">\n\t\t\t\t\t\t\tDaha Fazlas\u0131\t\t\t\t\t\t<\/a>\n\t\t\t\t\t\t\t\t\t<\/div>\n\t\t\t\t\n\t\t\t\n\t\t\t\n\t\t\t<div class=\"block-content\">\n\t\t\t\t\t\n\t<div class=\"loop loop-grid loop-grid-stylish grid grid-3 md:grid-2 xs:grid-1\">\n\n\t\t\n\t<\/div>\n\n\t\t\n\t\t\t<\/div>\n\n\t\t<\/section>\n\t\t\t\t\t\t<\/div>\n\t\t\t\t<\/div>\n\t\t\t\t\t<\/div>\n\t\t<\/div>\n\t\t\t\t\t<\/div>\n\t\t<\/section>\n\t\t\t\t<section class=\"has-el-gap el-gap-default elementor-section elementor-top-section elementor-element elementor-element-abb1d73 elementor-section-boxed elementor-section-height-default elementor-section-height-default\" data-id=\"abb1d73\" data-element_type=\"section\">\n\t\t\t\t\t\t<div class=\"elementor-container elementor-column-gap-no\">\n\t\t\t\t\t<div class=\"elementor-column elementor-col-100 elementor-top-column elementor-element elementor-element-d69f7ab\" data-id=\"d69f7ab\" data-element_type=\"column\">\n\t\t\t<div class=\"elementor-widget-wrap elementor-element-populated\">\n\t\t\t\t\t\t<div class=\"elementor-element elementor-element-44187e7 elementor-widget elementor-widget-smartmag-grid\" data-id=\"44187e7\" data-element_type=\"widget\" data-widget_type=\"smartmag-grid.default\">\n\t\t\t\t<div class=\"elementor-widget-container\">\n\t\t\t\t\t\t\t<section class=\"block-wrap block-grid block-sc cols-gap-sm mb-sm\" data-id=\"9\">\n\n\t\t\t\t\t\t\t\t\n\t\t\t\t\t\t\t\n\t\t\t\t<div class=\"block-head block-head-d is-left term-color-76\">\n\n\t\t\t\t\t<h4 class=\"heading\"><a href=\"https:\/\/theirbrief.com\/analysis\/\">A\u00e7\u0131klay\u0131c\u0131lar<\/a><\/h4>\t\t\t\t\t\n\t\t\t\t\t\t\t\t\t\t\t<a href=\"https:\/\/theirbrief.com\/explainers\/\" class=\"view-link view-link-b\">\n\t\t\t\t\t\t\tDaha Fazlas\u0131\t\t\t\t\t\t<\/a>\n\t\t\t\t\t\t\t\t\t<\/div>\n\t\t\t\t\n\t\t\t\n\t\t\t\n\t\t\t<div class=\"block-content\">\n\t\t\t\t\t\n\t<div class=\"loop loop-grid loop-grid-stylish grid grid-3 md:grid-2 xs:grid-1\">\n\n\t\t\n\t<\/div>\n\n\t\t\n\t\t\t<\/div>\n\n\t\t<\/section>\n\t\t\t\t\t\t<\/div>\n\t\t\t\t<\/div>\n\t\t\t\t\t<\/div>\n\t\t<\/div>\n\t\t\t\t\t<\/div>\n\t\t<\/section>\n\t\t\t\t<section class=\"has-el-gap el-gap-default elementor-section elementor-top-section elementor-element elementor-element-582d32c elementor-section-boxed elementor-section-height-default elementor-section-height-default\" data-id=\"582d32c\" data-element_type=\"section\">\n\t\t\t\t\t\t<div class=\"elementor-container elementor-column-gap-no\">\n\t\t\t\t\t<div class=\"elementor-column elementor-col-100 elementor-top-column elementor-element elementor-element-3928087\" data-id=\"3928087\" data-element_type=\"column\">\n\t\t\t<div class=\"elementor-widget-wrap elementor-element-populated\">\n\t\t\t\t\t\t<div class=\"elementor-element elementor-element-017250c elementor-widget elementor-widget-smartmag-grid\" data-id=\"017250c\" data-element_type=\"widget\" data-widget_type=\"smartmag-grid.default\">\n\t\t\t\t<div class=\"elementor-widget-container\">\n\t\t\t\t\t\t\t<section class=\"block-wrap block-grid block-sc cols-gap-sm mb-sm\" data-id=\"10\">\n\n\t\t\t\t\t\t\t\t\n\t\t\t\t\t\t\t\n\t\t\t\t<div class=\"block-head block-head-d is-left term-color-78\">\n\n\t\t\t\t\t<h4 class=\"heading\"><a href=\"https:\/\/theirbrief.com\/opinion-commentary\/\">G\u00f6r\u00fc\u015f \/ Yorum<\/a><\/h4>\t\t\t\t\t\n\t\t\t\t\t\t\t\t\t\t\t<a href=\"https:\/\/theirbrief.com\/opinion-commentary\/\" class=\"view-link view-link-b\">\n\t\t\t\t\t\t\tDaha Fazlas\u0131\t\t\t\t\t\t<\/a>\n\t\t\t\t\t\t\t\t\t<\/div>\n\t\t\t\t\n\t\t\t\n\t\t\t\n\t\t\t<div class=\"block-content\">\n\t\t\t\t\t\n\t<div class=\"loop loop-grid loop-grid-stylish grid grid-3 md:grid-2 xs:grid-1\">\n\n\t\t\n\t<\/div>\n\n\t\t\n\t\t\t<\/div>\n\n\t\t<\/section>\n\t\t\t\t\t\t<\/div>\n\t\t\t\t<\/div>\n\t\t\t\t\t<\/div>\n\t\t<\/div>\n\t\t\t\t\t<\/div>\n\t\t<\/section>\n\t\t\t\t<\/div>\n\t\t","protected":false},"excerpt":{"rendered":"<p>Politika Daha Fazlas\u0131 G\u00fcvenlik ve Strateji Daha Fazlas\u0131 D\u00fcnya Daha Fazlas\u0131 Analiz Daha Fazlas\u0131 A\u00e7\u0131klay\u0131c\u0131lar Daha Fazlas\u0131 G\u00f6r\u00fc\u015f \/ Yorum Daha Fazlas\u0131<\/p>\n","protected":false},"author":1,"featured_media":0,"parent":0,"menu_order":0,"comment_status":"closed","ping_status":"closed","template":"page-templates\/no-wrapper.php","meta":{"footnotes":""},"class_list":["post-5890","page","type-page","status-publish"],"_links":{"self":[{"href":"https:\/\/theirbrief.com\/tr\/wp-json\/wp\/v2\/pages\/5890","targetHints":{"allow":["GET"]}}],"collection":[{"href":"https:\/\/theirbrief.com\/tr\/wp-json\/wp\/v2\/pages"}],"about":[{"href":"https:\/\/theirbrief.com\/tr\/wp-json\/wp\/v2\/types\/page"}],"author":[{"embeddable":true,"href":"https:\/\/theirbrief.com\/tr\/wp-json\/wp\/v2\/users\/1"}],"replies":[{"embeddable":true,"href":"https:\/\/theirbrief.com\/tr\/wp-json\/wp\/v2\/comments?post=5890"}],"version-history":[{"count":5,"href":"https:\/\/theirbrief.com\/tr\/wp-json\/wp\/v2\/pages\/5890\/revisions"}],"predecessor-version":[{"id":5914,"href":"https:\/\/theirbrief.com\/tr\/wp-json\/wp\/v2\/pages\/5890\/revisions\/5914"}],"wp:attachment":[{"href":"https:\/\/theirbrief.com\/tr\/wp-json\/wp\/v2\/media?parent=5890"}],"curies":[{"name":"wp","href":"https:\/\/api.w.org\/{rel}","templated":true}]}}