{"id":5927,"date":"2025-12-31T10:01:35","date_gmt":"2025-12-31T10:01:35","guid":{"rendered":"https:\/\/theirbrief.com\/about\/"},"modified":"2025-12-31T11:57:25","modified_gmt":"2025-12-31T11:57:25","slug":"about","status":"publish","type":"page","link":"https:\/\/theirbrief.com\/tr\/about\/","title":{"rendered":"Hakk\u0131m\u0131zda"},"content":{"rendered":"<p><strong>K\u00fcresel \u0130stihbarat. Derlenmi\u015f Ba\u011flam. Keskin Analiz.<\/strong><\/p>\n<p>Bilgiye doymu\u015f ancak bilgeli\u011fe a\u00e7 bir d\u00fcnyada, <strong>TheirBrief<\/strong> bir netlik feneri olarak duruyor. Biz, Uluslararas\u0131 \u0130li\u015fkiler, Siyaset Bilimi ve Stratejik \u00c7al\u0131\u015fmalar\u0131n kesi\u015fim noktas\u0131nda yer alan dijital bir platformuz.<\/p>\n<p><strong>Misyon: Karma\u015f\u0131kl\u0131\u011f\u0131 \u00c7\u00f6zmek<\/strong> K\u00fcresel siyaset art\u0131k kapal\u0131 kap\u0131lar ard\u0131ndaki zirvelerle s\u0131n\u0131rl\u0131 de\u011fil; diplomasi, \u00e7at\u0131\u015fma ve ekonomik de\u011fi\u015fimlerden olu\u015fan ak\u0131\u015fkan, birbirine ba\u011fl\u0131 bir a\u011fd\u0131r. Misyonumuz bu karma\u015f\u0131kl\u0131\u011f\u0131 netli\u011fe d\u00f6n\u00fc\u015ft\u00fcrmektir. Modern entelekt\u00fcellerin ve profesyonellerin jeopolitik manzaray\u0131 anlamak i\u00e7in ihtiya\u00e7 duydu\u011fu &#8220;\u00f6zeti&#8221; \u2014temel, \u00fcst d\u00fczey analizi\u2014 sunuyoruz.<\/p>\n<p><strong>Odak Noktam\u0131z<\/strong> A\u015fa\u011f\u0131daki konularda kal\u0131c\u0131 i\u00e7g\u00f6r\u00fcler sunmak i\u00e7in 24 saatlik haber d\u00f6ng\u00fcs\u00fcn\u00fcn \u00f6tesine ge\u00e7iyoruz:<\/p>\n<ul class=\"wp-block-list\">\n<li><strong>Jeopolitik Strateji:<\/strong> Devlet ve devlet d\u0131\u015f\u0131 akt\u00f6rlerin hamlelerini analiz etmek.<\/li>\n<li><strong>Siyaset Teorisi:<\/strong> \u00c7a\u011fda\u015f y\u00f6netim zorluklar\u0131na akademik titizlik uygulamak.<\/li>\n<li><strong>Diplomatik \u0130li\u015fkiler:<\/strong> Uluslararas\u0131 i\u015fbirli\u011fi ve \u00e7at\u0131\u015fman\u0131n n\u00fcanslar\u0131n\u0131 \u00e7\u00f6z\u00fcmlemek.<\/li>\n<\/ul>\n<p><strong>Neden TheirBrief?<\/strong> \u00c7\u00fcnk\u00fc d\u00fcnyay\u0131 anlamak yorucu de\u011fil, ufuk a\u00e7\u0131c\u0131 olmal\u0131d\u0131r. A\u011f\u0131r akademik literat\u00fcr ile eri\u015filebilir dijital gazetecilik aras\u0131ndaki bo\u015flu\u011fu dolduruyor; akademisyenler i\u00e7in yeterince titiz, k\u00fcresel vatanda\u015flar i\u00e7in ise eri\u015filebilir i\u00e7erikler sunuyoruz.<\/p>\n","protected":false},"excerpt":{"rendered":"<p>K\u00fcresel \u0130stihbarat. Derlenmi\u015f Ba\u011flam. Keskin Analiz. Bilgiye doymu\u015f ancak bilgeli\u011fe a\u00e7 bir d\u00fcnyada, TheirBrief bir netlik feneri olarak duruyor. Biz, Uluslararas\u0131 \u0130li\u015fkiler, Siyaset Bilimi ve Stratejik \u00c7al\u0131\u015fmalar\u0131n kesi\u015fim noktas\u0131nda yer alan dijital bir platformuz. Misyon: Karma\u015f\u0131kl\u0131\u011f\u0131 \u00c7\u00f6zmek K\u00fcresel siyaset art\u0131k kapal\u0131 kap\u0131lar ard\u0131ndaki zirvelerle s\u0131n\u0131rl\u0131 de\u011fil; diplomasi, \u00e7at\u0131\u015fma ve ekonomik de\u011fi\u015fimlerden olu\u015fan ak\u0131\u015fkan, birbirine ba\u011fl\u0131<\/p>\n","protected":false},"author":1,"featured_media":0,"parent":0,"menu_order":0,"comment_status":"closed","ping_status":"closed","template":"","meta":{"footnotes":""},"class_list":["post-5927","page","type-page","status-publish"],"_links":{"self":[{"href":"https:\/\/theirbrief.com\/tr\/wp-json\/wp\/v2\/pages\/5927","targetHints":{"allow":["GET"]}}],"collection":[{"href":"https:\/\/theirbrief.com\/tr\/wp-json\/wp\/v2\/pages"}],"about":[{"href":"https:\/\/theirbrief.com\/tr\/wp-json\/wp\/v2\/types\/page"}],"author":[{"embeddable":true,"href":"https:\/\/theirbrief.com\/tr\/wp-json\/wp\/v2\/users\/1"}],"replies":[{"embeddable":true,"href":"https:\/\/theirbrief.com\/tr\/wp-json\/wp\/v2\/comments?post=5927"}],"version-history":[{"count":2,"href":"https:\/\/theirbrief.com\/tr\/wp-json\/wp\/v2\/pages\/5927\/revisions"}],"predecessor-version":[{"id":5929,"href":"https:\/\/theirbrief.com\/tr\/wp-json\/wp\/v2\/pages\/5927\/revisions\/5929"}],"wp:attachment":[{"href":"https:\/\/theirbrief.com\/tr\/wp-json\/wp\/v2\/media?parent=5927"}],"curies":[{"name":"wp","href":"https:\/\/api.w.org\/{rel}","templated":true}]}}