{"id":5930,"date":"2025-12-31T10:06:29","date_gmt":"2025-12-31T10:06:29","guid":{"rendered":"https:\/\/theirbrief.com\/accessibility-statement\/"},"modified":"2025-12-31T11:59:46","modified_gmt":"2025-12-31T11:59:46","slug":"accessibility-statement","status":"publish","type":"page","link":"https:\/\/theirbrief.com\/tr\/accessibility-statement\/","title":{"rendered":"Eri\u015filebilirlik Bildirimi"},"content":{"rendered":"<p><strong>Eri\u015filebilirlik Taahh\u00fcd\u00fc<\/strong> <strong>TheirBrief.com<\/strong>, engelli bireyler i\u00e7in dijital eri\u015filebilirli\u011fi sa\u011flamaya kararl\u0131d\u0131r. Herkes i\u00e7in kullan\u0131c\u0131 deneyimini s\u00fcrekli iyile\u015ftiriyor ve ilgili eri\u015filebilirlik standartlar\u0131n\u0131 uyguluyoruz.<\/p>\n<p><strong>Standartlar<\/strong> Web \u0130\u00e7eri\u011fi Eri\u015filebilirlik Y\u00f6nergeleri&#8217;ne (WCAG) 2.1 AA seviyesinde uymaya gayret ediyoruz. Bu y\u00f6nergeler, web i\u00e7eri\u011finin geni\u015f bir yelpazedeki engelli bireyler i\u00e7in nas\u0131l daha eri\u015filebilir hale getirilece\u011fini a\u00e7\u0131klamaktad\u0131r.<\/p>\n<p><strong>Al\u0131nan \u00d6nlemler<\/strong> Eri\u015filebilirli\u011fi sa\u011flamak amac\u0131yla, TheirBrief.com a\u015fa\u011f\u0131daki \u00f6nlemleri almaktad\u0131r:<\/p>\n<ul class=\"wp-block-list\">\n<li>Metin okunabilirli\u011fi i\u00e7in y\u00fcksek kontrastl\u0131 renk \u015femalar\u0131 kullanmak.<\/li>\n<li>Web sitesinin klavye ile gezilebilir olmas\u0131n\u0131 sa\u011flamak.<\/li>\n<li>G\u00f6rseller ve grafikler i\u00e7in alternatif metin (Alt Metin) sa\u011flamak.<\/li>\n<li>Ekran okuyucular i\u00e7in net ve tutarl\u0131 ba\u015fl\u0131k yap\u0131lar\u0131 kullanmak.<\/li>\n<\/ul>\n<p><strong>Geri Bildirim<\/strong> TheirBrief.com&#8217;un eri\u015filebilirli\u011fi konusundaki geri bildirimlerinizi memnuniyetle kar\u015f\u0131l\u0131yoruz. Web sitemizde eri\u015filebilirlik engelleriyle kar\u015f\u0131la\u015f\u0131rsan\u0131z, l\u00fctfen bize bildirin:<\/p>\n<ul class=\"wp-block-list\">\n<li><strong>E-posta:<\/strong> [info@theirbrief.com]<\/li>\n<\/ul>\n","protected":false},"excerpt":{"rendered":"<p>Eri\u015filebilirlik Taahh\u00fcd\u00fc TheirBrief.com, engelli bireyler i\u00e7in dijital eri\u015filebilirli\u011fi sa\u011flamaya kararl\u0131d\u0131r. Herkes i\u00e7in kullan\u0131c\u0131 deneyimini s\u00fcrekli iyile\u015ftiriyor ve ilgili eri\u015filebilirlik standartlar\u0131n\u0131 uyguluyoruz. Standartlar Web \u0130\u00e7eri\u011fi Eri\u015filebilirlik Y\u00f6nergeleri&#8217;ne (WCAG) 2.1 AA seviyesinde uymaya gayret ediyoruz. Bu y\u00f6nergeler, web i\u00e7eri\u011finin geni\u015f bir yelpazedeki engelli bireyler i\u00e7in nas\u0131l daha eri\u015filebilir hale getirilece\u011fini a\u00e7\u0131klamaktad\u0131r. Al\u0131nan \u00d6nlemler Eri\u015filebilirli\u011fi sa\u011flamak amac\u0131yla, TheirBrief.com<\/p>\n","protected":false},"author":1,"featured_media":0,"parent":0,"menu_order":0,"comment_status":"closed","ping_status":"closed","template":"","meta":{"footnotes":""},"class_list":["post-5930","page","type-page","status-publish"],"_links":{"self":[{"href":"https:\/\/theirbrief.com\/tr\/wp-json\/wp\/v2\/pages\/5930","targetHints":{"allow":["GET"]}}],"collection":[{"href":"https:\/\/theirbrief.com\/tr\/wp-json\/wp\/v2\/pages"}],"about":[{"href":"https:\/\/theirbrief.com\/tr\/wp-json\/wp\/v2\/types\/page"}],"author":[{"embeddable":true,"href":"https:\/\/theirbrief.com\/tr\/wp-json\/wp\/v2\/users\/1"}],"replies":[{"embeddable":true,"href":"https:\/\/theirbrief.com\/tr\/wp-json\/wp\/v2\/comments?post=5930"}],"version-history":[{"count":2,"href":"https:\/\/theirbrief.com\/tr\/wp-json\/wp\/v2\/pages\/5930\/revisions"}],"predecessor-version":[{"id":5932,"href":"https:\/\/theirbrief.com\/tr\/wp-json\/wp\/v2\/pages\/5930\/revisions\/5932"}],"wp:attachment":[{"href":"https:\/\/theirbrief.com\/tr\/wp-json\/wp\/v2\/media?parent=5930"}],"curies":[{"name":"wp","href":"https:\/\/api.w.org\/{rel}","templated":true}]}}